{"id":69,"date":"2026-02-20T08:48:03","date_gmt":"2026-02-20T08:48:03","guid":{"rendered":"https:\/\/sevigest.com\/?page_id=69"},"modified":"2026-03-17T15:45:27","modified_gmt":"2026-03-17T15:45:27","slug":"elementor-69","status":"publish","type":"page","link":"https:\/\/sevigest.com\/?page_id=69","title":{"rendered":"Elementor #69"},"content":{"rendered":"\t\t<div data-elementor-type=\"wp-page\" data-elementor-id=\"69\" class=\"elementor elementor-69\" data-elementor-post-type=\"page\">\n\t\t\t\t<div class=\"elementor-element elementor-element-20c1231 e-con-full e-flex e-con e-parent\" data-id=\"20c1231\" data-element_type=\"container\" data-e-type=\"container\">\n\t\t\t\t<div class=\"elementor-element elementor-element-9fd9024 elementor-widget__width-initial elementor-widget elementor-widget-image\" data-id=\"9fd9024\" data-element_type=\"widget\" data-e-type=\"widget\" data-widget_type=\"image.default\">\n\t\t\t\t\t\t\t\t\t\t\t\t\t\t\t<img fetchpriority=\"high\" decoding=\"async\" width=\"800\" height=\"254\" src=\"https:\/\/sevigest.com\/wp-content\/uploads\/2026\/02\/cropped-logo.webp\" class=\"attachment-large size-large wp-image-10\" alt=\"\" srcset=\"https:\/\/sevigest.com\/wp-content\/uploads\/2026\/02\/cropped-logo.webp 866w, https:\/\/sevigest.com\/wp-content\/uploads\/2026\/02\/cropped-logo-300x95.webp 300w, https:\/\/sevigest.com\/wp-content\/uploads\/2026\/02\/cropped-logo-768x244.webp 768w\" sizes=\"(max-width: 800px) 100vw, 800px\" \/>\t\t\t\t\t\t\t\t\t\t\t\t\t\t\t<\/div>\n\t\t\t\t<div class=\"elementor-element elementor-element-0b7eb8e elementor-icon-list--layout-inline elementor-align-center elementor-list-item-link-full_width elementor-widget elementor-widget-icon-list\" data-id=\"0b7eb8e\" data-element_type=\"widget\" data-e-type=\"widget\" data-widget_type=\"icon-list.default\">\n\t\t\t\t\t\t\t<ul class=\"elementor-icon-list-items elementor-inline-items\">\n\t\t\t\t\t\t\t<li class=\"elementor-icon-list-item elementor-inline-item\">\n\t\t\t\t\t\t\t\t\t\t\t<a href=\"https:\/\/sevigest.com\/?page_id=46\">\n\n\t\t\t\t\t\t\t\t\t\t\t<span class=\"elementor-icon-list-text\">Sobre Nosotros<\/span>\n\t\t\t\t\t\t\t\t\t\t\t<\/a>\n\t\t\t\t\t\t\t\t\t<\/li>\n\t\t\t\t\t\t\t\t<li class=\"elementor-icon-list-item elementor-inline-item\">\n\t\t\t\t\t\t\t\t\t\t\t<a href=\"https:\/\/sevigest.com\/?page_id=69\">\n\n\t\t\t\t\t\t\t\t\t\t\t<span class=\"elementor-icon-list-text\">Servicios<\/span>\n\t\t\t\t\t\t\t\t\t\t\t<\/a>\n\t\t\t\t\t\t\t\t\t<\/li>\n\t\t\t\t\t\t\t\t<li class=\"elementor-icon-list-item elementor-inline-item\">\n\t\t\t\t\t\t\t\t\t\t\t<a href=\"https:\/\/sevigest.com\/?page_id=101\">\n\n\t\t\t\t\t\t\t\t\t\t\t<span class=\"elementor-icon-list-text\">Transformaci\u00f3n digital<\/span>\n\t\t\t\t\t\t\t\t\t\t\t<\/a>\n\t\t\t\t\t\t\t\t\t<\/li>\n\t\t\t\t\t\t\t\t<li class=\"elementor-icon-list-item elementor-inline-item\">\n\t\t\t\t\t\t\t\t\t\t<span class=\"elementor-icon-list-text\"> Asesor\u00eda Fiscal <\/span>\n\t\t\t\t\t\t\t\t\t<\/li>\n\t\t\t\t\t\t\t\t<li class=\"elementor-icon-list-item elementor-inline-item\">\n\t\t\t\t\t\t\t\t\t\t<span class=\"elementor-icon-list-text\">Asesor\u00eda Laboral <\/span>\n\t\t\t\t\t\t\t\t\t<\/li>\n\t\t\t\t\t\t\t\t<li class=\"elementor-icon-list-item elementor-inline-item\">\n\t\t\t\t\t\t\t\t\t\t<span class=\"elementor-icon-list-text\">Asesor\u00eda Contable<\/span>\n\t\t\t\t\t\t\t\t\t<\/li>\n\t\t\t\t\t\t\t\t<li class=\"elementor-icon-list-item elementor-inline-item\">\n\t\t\t\t\t\t\t\t\t\t\t<a href=\"https:\/\/sevigest.com\/?page_id=125\">\n\n\t\t\t\t\t\t\t\t\t\t\t<span class=\"elementor-icon-list-text\">Modelos y formularios<\/span>\n\t\t\t\t\t\t\t\t\t\t\t<\/a>\n\t\t\t\t\t\t\t\t\t<\/li>\n\t\t\t\t\t\t\t\t<li class=\"elementor-icon-list-item elementor-inline-item\">\n\t\t\t\t\t\t\t\t\t\t<span class=\"elementor-icon-list-text\"> Noticias <\/span>\n\t\t\t\t\t\t\t\t\t<\/li>\n\t\t\t\t\t\t\t\t<li class=\"elementor-icon-list-item elementor-inline-item\">\n\t\t\t\t\t\t\t\t\t\t\t<a href=\"https:\/\/sevigest.com\/?page_id=174\">\n\n\t\t\t\t\t\t\t\t\t\t\t<span class=\"elementor-icon-list-text\">Contacto<\/span>\n\t\t\t\t\t\t\t\t\t\t\t<\/a>\n\t\t\t\t\t\t\t\t\t<\/li>\n\t\t\t\t\t\t<\/ul>\n\t\t\t\t\t\t<\/div>\n\t\t\t\t<\/div>\n\t\t<div class=\"elementor-element elementor-element-8f0b5c2 e-flex e-con-boxed e-con e-parent\" data-id=\"8f0b5c2\" data-element_type=\"container\" data-e-type=\"container\" data-settings=\"{&quot;background_background&quot;:&quot;classic&quot;}\">\n\t\t\t\t\t<div class=\"e-con-inner\">\n\t\t\t\t<div class=\"elementor-element elementor-element-dd6dd1e elementor-position-inline-start elementor-view-default elementor-mobile-position-block-start elementor-widget elementor-widget-icon-box\" data-id=\"dd6dd1e\" data-element_type=\"widget\" data-e-type=\"widget\" data-widget_type=\"icon-box.default\">\n\t\t\t\t\t\t\t<div class=\"elementor-icon-box-wrapper\">\n\n\t\t\t\t\t\t<div class=\"elementor-icon-box-icon\">\n\t\t\t\t<span  class=\"elementor-icon\">\n\t\t\t\t<svg aria-hidden=\"true\" class=\"e-font-icon-svg e-fas-exclamation-triangle\" viewBox=\"0 0 576 512\" xmlns=\"http:\/\/www.w3.org\/2000\/svg\"><path d=\"M569.517 440.013C587.975 472.007 564.806 512 527.94 512H48.054c-36.937 0-59.999-40.055-41.577-71.987L246.423 23.985c18.467-32.009 64.72-31.951 83.154 0l239.94 416.028zM288 354c-25.405 0-46 20.595-46 46s20.595 46 46 46 46-20.595 46-46-20.595-46-46-46zm-43.673-165.346l7.418 136c.347 6.364 5.609 11.346 11.982 11.346h48.546c6.373 0 11.635-4.982 11.982-11.346l7.418-136c.375-6.874-5.098-12.654-11.982-12.654h-63.383c-6.884 0-12.356 5.78-11.981 12.654z\"><\/path><\/svg>\t\t\t\t<\/span>\n\t\t\t<\/div>\n\t\t\t\n\t\t\t\t\t\t<div class=\"elementor-icon-box-content\">\n\n\t\t\t\t\t\t\t\t\t<h3 class=\"elementor-icon-box-title\">\n\t\t\t\t\t\t<span  >\n\t\t\t\t\t\t\t<b>Consulta ahora tu Pack Aut\u00f3nomo  \ud83e\udc62 <\/b> Empieza ahora\t\t\t\t\t\t<\/span>\n\t\t\t\t\t<\/h3>\n\t\t\t\t\n\t\t\t\t\n\t\t\t<\/div>\n\t\t\t\n\t\t<\/div>\n\t\t\t\t\t\t<\/div>\n\t\t\t\t\t<\/div>\n\t\t\t\t<\/div>\n\t\t<div class=\"elementor-element elementor-element-9252550 e-flex e-con-boxed e-con e-parent\" data-id=\"9252550\" data-element_type=\"container\" data-e-type=\"container\" data-settings=\"{&quot;background_background&quot;:&quot;classic&quot;}\">\n\t\t\t\t\t<div class=\"e-con-inner\">\n\t\t\t\t<div class=\"elementor-element elementor-element-1a025dc elementor-widget__width-initial elementor-widget elementor-widget-heading\" data-id=\"1a025dc\" data-element_type=\"widget\" data-e-type=\"widget\" data-widget_type=\"heading.default\">\n\t\t\t\t\t<h2 class=\"elementor-heading-title elementor-size-default\">\u00bfPor qu\u00e9 elegir nuestros \n<\/h2>\t\t\t\t<\/div>\n\t\t\t\t<div class=\"elementor-element elementor-element-5615888 elementor-widget elementor-widget-heading\" data-id=\"5615888\" data-element_type=\"widget\" data-e-type=\"widget\" data-widget_type=\"heading.default\">\n\t\t\t\t\t<h2 class=\"elementor-heading-title elementor-size-default\">servicios?<\/h2>\t\t\t\t<\/div>\n\t\t\t\t\t<\/div>\n\t\t\t\t<\/div>\n\t\t<div class=\"elementor-element elementor-element-8110cd2 e-flex e-con-boxed e-con e-parent\" data-id=\"8110cd2\" data-element_type=\"container\" data-e-type=\"container\">\n\t\t\t\t\t<div class=\"e-con-inner\">\n\t\t<div class=\"elementor-element elementor-element-d5966db e-con-full e-flex e-con e-child\" data-id=\"d5966db\" data-element_type=\"container\" data-e-type=\"container\" data-settings=\"{&quot;background_background&quot;:&quot;classic&quot;}\">\n\t\t<div class=\"elementor-element elementor-element-a1e3a7f e-con-full e-flex e-con e-child\" data-id=\"a1e3a7f\" data-element_type=\"container\" data-e-type=\"container\" data-settings=\"{&quot;background_background&quot;:&quot;classic&quot;}\">\n\t\t\t\t<\/div>\n\t\t\t\t<div class=\"elementor-element elementor-element-51cf81f elementor-widget elementor-widget-heading\" data-id=\"51cf81f\" data-element_type=\"widget\" data-e-type=\"widget\" data-widget_type=\"heading.default\">\n\t\t\t\t\t<h2 class=\"elementor-heading-title elementor-size-default\">Asesoramiento y gesti\u00f3n\n<\/h2>\t\t\t\t<\/div>\n\t\t\t\t<div class=\"elementor-element elementor-element-b42a960 elementor-widget elementor-widget-text-editor\" data-id=\"b42a960\" data-element_type=\"widget\" data-e-type=\"widget\" data-widget_type=\"text-editor.default\">\n\t\t\t\t\t\t\t\t\t<p>Somos l\u00edderes en la prestaci\u00f3n de servicios de asesoramiento y gesti\u00f3n a empresas, aut\u00f3nomos y particulares en nuestra ciudad.<\/p>\t\t\t\t\t\t\t\t<\/div>\n\t\t\t\t<\/div>\n\t\t<div class=\"elementor-element elementor-element-0bdf451 e-con-full e-flex e-con e-child\" data-id=\"0bdf451\" data-element_type=\"container\" data-e-type=\"container\" data-settings=\"{&quot;background_background&quot;:&quot;classic&quot;}\">\n\t\t<div class=\"elementor-element elementor-element-584af3f e-con-full e-flex e-con e-child\" data-id=\"584af3f\" data-element_type=\"container\" data-e-type=\"container\" data-settings=\"{&quot;background_background&quot;:&quot;classic&quot;}\">\n\t\t\t\t<\/div>\n\t\t\t\t<div class=\"elementor-element elementor-element-67e9501 elementor-widget elementor-widget-heading\" data-id=\"67e9501\" data-element_type=\"widget\" data-e-type=\"widget\" data-widget_type=\"heading.default\">\n\t\t\t\t\t<h2 class=\"elementor-heading-title elementor-size-default\">Solucionamos tus necesidades\n<\/h2>\t\t\t\t<\/div>\n\t\t\t\t<div class=\"elementor-element elementor-element-504a0ad elementor-widget elementor-widget-text-editor\" data-id=\"504a0ad\" data-element_type=\"widget\" data-e-type=\"widget\" data-widget_type=\"text-editor.default\">\n\t\t\t\t\t\t\t\t\t<p>Sabemos gestionar las necesidades de todos nuestros clientes y buscarles soluciones optimas de forma individualizada y personal.<\/p>\t\t\t\t\t\t\t\t<\/div>\n\t\t\t\t<\/div>\n\t\t<div class=\"elementor-element elementor-element-aa5aa97 e-con-full e-flex e-con e-child\" data-id=\"aa5aa97\" data-element_type=\"container\" data-e-type=\"container\" data-settings=\"{&quot;background_background&quot;:&quot;classic&quot;}\">\n\t\t<div class=\"elementor-element elementor-element-9eb6f88 e-con-full e-flex e-con e-child\" data-id=\"9eb6f88\" data-element_type=\"container\" data-e-type=\"container\" data-settings=\"{&quot;background_background&quot;:&quot;classic&quot;}\">\n\t\t\t\t<\/div>\n\t\t\t\t<div class=\"elementor-element elementor-element-8751151 elementor-widget elementor-widget-heading\" data-id=\"8751151\" data-element_type=\"widget\" data-e-type=\"widget\" data-widget_type=\"heading.default\">\n\t\t\t\t\t<h2 class=\"elementor-heading-title elementor-size-default\">Servicio de calidad\n<\/h2>\t\t\t\t<\/div>\n\t\t\t\t<div class=\"elementor-element elementor-element-e17af5f elementor-widget elementor-widget-text-editor\" data-id=\"e17af5f\" data-element_type=\"widget\" data-e-type=\"widget\" data-widget_type=\"text-editor.default\">\n\t\t\t\t\t\t\t\t\t<p>Nuestro equipo ha sido formado para darle a nuestros clientes un servicio de calidad estando siempre en contacto con ellos.<\/p>\t\t\t\t\t\t\t\t<\/div>\n\t\t\t\t<\/div>\n\t\t\t\t\t<\/div>\n\t\t\t\t<\/div>\n\t\t<div class=\"elementor-element elementor-element-f25811b e-flex e-con-boxed e-con e-parent\" data-id=\"f25811b\" data-element_type=\"container\" data-e-type=\"container\">\n\t\t\t\t\t<div class=\"e-con-inner\">\n\t\t<div class=\"elementor-element elementor-element-09f1e6b e-con-full e-flex e-con e-child\" data-id=\"09f1e6b\" data-element_type=\"container\" data-e-type=\"container\">\n\t\t\t\t<div class=\"elementor-element elementor-element-642a0b8 elementor-widget elementor-widget-heading\" data-id=\"642a0b8\" data-element_type=\"widget\" data-e-type=\"widget\" data-widget_type=\"heading.default\">\n\t\t\t\t\t<h2 class=\"elementor-heading-title elementor-size-default\">Servicios\n<\/h2>\t\t\t\t<\/div>\n\t\t\t\t<div class=\"elementor-element elementor-element-eb58ad5 elementor-widget elementor-widget-heading\" data-id=\"eb58ad5\" data-element_type=\"widget\" data-e-type=\"widget\" data-widget_type=\"heading.default\">\n\t\t\t\t\t<h2 class=\"elementor-heading-title elementor-size-default\">\u00bfQu\u00e9 ofrecemos?\n<\/h2>\t\t\t\t<\/div>\n\t\t\t\t<div class=\"elementor-element elementor-element-aac3744 elementor-widget-divider--view-line elementor-widget elementor-widget-divider\" data-id=\"aac3744\" data-element_type=\"widget\" data-e-type=\"widget\" data-widget_type=\"divider.default\">\n\t\t\t\t\t\t\t<div class=\"elementor-divider\">\n\t\t\t<span class=\"elementor-divider-separator\">\n\t\t\t\t\t\t<\/span>\n\t\t<\/div>\n\t\t\t\t\t\t<\/div>\n\t\t\t\t<div class=\"elementor-element elementor-element-1eb553c elementor-widget elementor-widget-text-editor\" data-id=\"1eb553c\" data-element_type=\"widget\" data-e-type=\"widget\" data-widget_type=\"text-editor.default\">\n\t\t\t\t\t\t\t\t\t<ul><li class=\"elementor-icon-list-item\"><span class=\"elementor-icon-list-icon\"><i class=\"fas fa-caret-right\" aria-hidden=\"true\"><\/i>\u00a0<\/span><span class=\"elementor-icon-list-text\">Asesoramiento integral en material fiscal<\/span><\/li><li class=\"elementor-icon-list-item\"><span class=\"elementor-icon-list-icon\"><i class=\"fas fa-caret-right\" aria-hidden=\"true\"><\/i>\u00a0<\/span><span class=\"elementor-icon-list-text\">Declaraci\u00f3n del impuesto de la renta (IRPF)<\/span><\/li><li class=\"elementor-icon-list-item\"><span class=\"elementor-icon-list-icon\"><i class=\"fas fa-caret-right\" aria-hidden=\"true\"><\/i>\u00a0<\/span><span class=\"elementor-icon-list-text\">Gestor\u00eda para aut\u00f3nomos, empresas y particulares<\/span><\/li><li class=\"elementor-icon-list-item\"><span class=\"elementor-icon-list-icon\"><i class=\"fas fa-caret-right\" aria-hidden=\"true\"><\/i>\u00a0<\/span><span class=\"elementor-icon-list-text\">Gesti\u00f3n de impuestos y tributos<\/span><\/li><li class=\"elementor-icon-list-item\"><span class=\"elementor-icon-list-icon\"><i class=\"fas fa-caret-right\" aria-hidden=\"true\"><\/i>\u00a0<\/span><span class=\"elementor-icon-list-text\">Contabilidad de empresas<\/span><\/li><li class=\"elementor-icon-list-item\"><span class=\"elementor-icon-list-icon\"><i class=\"fas fa-caret-right\" aria-hidden=\"true\"><\/i>\u00a0<\/span><span class=\"elementor-icon-list-text\">Gesti\u00f3n de contratos, n\u00f3minas y asuntos laborales<\/span><\/li><li class=\"elementor-icon-list-item\"><span class=\"elementor-icon-list-icon\"><i class=\"fas fa-caret-right\" aria-hidden=\"true\"><\/i>\u00a0<\/span><span class=\"elementor-icon-list-text\">Intermediaci\u00f3n entre empresa y trabajadores<\/span><\/li><li class=\"elementor-icon-list-item\"><span class=\"elementor-icon-list-icon\"><i class=\"fas fa-caret-right\" aria-hidden=\"true\"><\/i>\u00a0<\/span><span class=\"elementor-icon-list-text\">Tr\u00e1mites con la Administraci\u00f3n<\/span><\/li><li class=\"elementor-icon-list-item\"><span class=\"elementor-icon-list-icon\"><i class=\"fas fa-caret-right\" aria-hidden=\"true\"><\/i>\u00a0<\/span><span class=\"elementor-icon-list-text\">Asesoramiento a emprendedores<\/span><\/li><li class=\"elementor-icon-list-item\"><span class=\"elementor-icon-list-icon\"><i class=\"fas fa-caret-right\" aria-hidden=\"true\"><\/i>\u00a0<\/span><span class=\"elementor-icon-list-text\">Creaci\u00f3n de empresas y aut\u00f3nomos<\/span><\/li><\/ul>\t\t\t\t\t\t\t\t<\/div>\n\t\t\t\t<\/div>\n\t\t<div class=\"elementor-element elementor-element-965f423 e-con-full e-flex e-con e-child\" data-id=\"965f423\" data-element_type=\"container\" data-e-type=\"container\" data-settings=\"{&quot;background_background&quot;:&quot;classic&quot;}\">\n\t\t\t\t<\/div>\n\t\t\t\t\t<\/div>\n\t\t\t\t<\/div>\n\t\t<div class=\"elementor-element elementor-element-9b4f091 e-flex e-con-boxed e-con e-parent\" data-id=\"9b4f091\" data-element_type=\"container\" data-e-type=\"container\">\n\t\t\t\t\t<div class=\"e-con-inner\">\n\t\t<div class=\"elementor-element elementor-element-9e670f0 e-con-full e-flex e-con e-child\" data-id=\"9e670f0\" data-element_type=\"container\" data-e-type=\"container\">\n\t\t\t\t<div class=\"elementor-element elementor-element-785d46e elementor-widget elementor-widget-heading\" data-id=\"785d46e\" data-element_type=\"widget\" data-e-type=\"widget\" data-widget_type=\"heading.default\">\n\t\t\t\t\t<h2 class=\"elementor-heading-title elementor-size-default\">\u00c1REAS\n\n<\/h2>\t\t\t\t<\/div>\n\t\t\t\t<div class=\"elementor-element elementor-element-6012f2f elementor-widget elementor-widget-heading\" data-id=\"6012f2f\" data-element_type=\"widget\" data-e-type=\"widget\" data-widget_type=\"heading.default\">\n\t\t\t\t\t<h2 class=\"elementor-heading-title elementor-size-default\">Cubrimos todas tus necesidades empresariales\n<\/h2>\t\t\t\t<\/div>\n\t\t\t\t<div class=\"elementor-element elementor-element-d1cef9a elementor-widget-divider--view-line elementor-widget elementor-widget-divider\" data-id=\"d1cef9a\" data-element_type=\"widget\" data-e-type=\"widget\" data-widget_type=\"divider.default\">\n\t\t\t\t\t\t\t<div class=\"elementor-divider\">\n\t\t\t<span class=\"elementor-divider-separator\">\n\t\t\t\t\t\t<\/span>\n\t\t<\/div>\n\t\t\t\t\t\t<\/div>\n\t\t\t\t<div class=\"elementor-element elementor-element-c368965 elementor-widget elementor-widget-text-editor\" data-id=\"c368965\" data-element_type=\"widget\" data-e-type=\"widget\" data-widget_type=\"text-editor.default\">\n\t\t\t\t\t\t\t\t\t<p>Ofrecemos una gran variedad de servicios para cubrir las principales necesidades de las empresas.<\/p><ul><li>Asesor\u00eda fiscal<\/li><li>Asesor\u00eda contable<\/li><li>Asesor\u00eda laboral<\/li><li>Asesor\u00eda fiscal<\/li><li>Asesor\u00eda contable<\/li><li>Asesor\u00eda laboral<\/li><\/ul>\t\t\t\t\t\t\t\t<\/div>\n\t\t\t\t<\/div>\n\t\t<div class=\"elementor-element elementor-element-28d4d7f e-con-full e-flex e-con e-child\" data-id=\"28d4d7f\" data-element_type=\"container\" data-e-type=\"container\" data-settings=\"{&quot;background_background&quot;:&quot;classic&quot;}\">\n\t\t\t\t<div class=\"elementor-element elementor-element-0a74726 elementor-align-center elementor-widget elementor-widget-button\" data-id=\"0a74726\" data-element_type=\"widget\" data-e-type=\"widget\" data-widget_type=\"button.default\">\n\t\t\t\t\t\t\t\t\t\t<a class=\"elementor-button elementor-button-link elementor-size-sm\" href=\"#\">\n\t\t\t\t\t\t<span class=\"elementor-button-content-wrapper\">\n\t\t\t\t\t\t<span class=\"elementor-button-icon\">\n\t\t\t\t<svg aria-hidden=\"true\" class=\"e-font-icon-svg e-fas-angle-right\" viewBox=\"0 0 256 512\" xmlns=\"http:\/\/www.w3.org\/2000\/svg\"><path d=\"M224.3 273l-136 136c-9.4 9.4-24.6 9.4-33.9 0l-22.6-22.6c-9.4-9.4-9.4-24.6 0-33.9l96.4-96.4-96.4-96.4c-9.4-9.4-9.4-24.6 0-33.9L54.3 103c9.4-9.4 24.6-9.4 33.9 0l136 136c9.5 9.4 9.5 24.6.1 34z\"><\/path><\/svg>\t\t\t<\/span>\n\t\t\t\t\t\t\t\t\t<span class=\"elementor-button-text\">Vis\u00edtanos<\/span>\n\t\t\t\t\t<\/span>\n\t\t\t\t\t<\/a>\n\t\t\t\t\t\t\t\t<\/div>\n\t\t\t\t<\/div>\n\t\t\t\t\t<\/div>\n\t\t\t\t<\/div>\n\t\t<div class=\"elementor-element elementor-element-257a824 e-flex e-con-boxed e-con e-parent\" data-id=\"257a824\" data-element_type=\"container\" data-e-type=\"container\" data-settings=\"{&quot;background_background&quot;:&quot;classic&quot;}\">\n\t\t\t\t\t<div class=\"e-con-inner\">\n\t\t<div class=\"elementor-element elementor-element-4695b92 e-con-full e-flex e-con e-child\" data-id=\"4695b92\" data-element_type=\"container\" data-e-type=\"container\">\n\t\t\t\t<div class=\"elementor-element elementor-element-7ddd942 elementor-widget elementor-widget-heading\" data-id=\"7ddd942\" data-element_type=\"widget\" data-e-type=\"widget\" data-widget_type=\"heading.default\">\n\t\t\t\t\t<h2 class=\"elementor-heading-title elementor-size-default\">\u00bfQuieres saber m\u00e1s?\n<\/h2>\t\t\t\t<\/div>\n\t\t\t\t<div class=\"elementor-element elementor-element-9925314 elementor-widget elementor-widget-heading\" data-id=\"9925314\" data-element_type=\"widget\" data-e-type=\"widget\" data-widget_type=\"heading.default\">\n\t\t\t\t\t<h2 class=\"elementor-heading-title elementor-size-default\">Escr\u00edbenos\n<\/h2>\t\t\t\t<\/div>\n\t\t\t\t<div class=\"elementor-element elementor-element-e3ab15e elementor-widget-divider--view-line elementor-widget elementor-widget-divider\" data-id=\"e3ab15e\" data-element_type=\"widget\" data-e-type=\"widget\" data-widget_type=\"divider.default\">\n\t\t\t\t\t\t\t<div class=\"elementor-divider\">\n\t\t\t<span class=\"elementor-divider-separator\">\n\t\t\t\t\t\t<\/span>\n\t\t<\/div>\n\t\t\t\t\t\t<\/div>\n\t\t\t\t<div class=\"elementor-element elementor-element-8313856 elementor-widget elementor-widget-text-editor\" data-id=\"8313856\" data-element_type=\"widget\" data-e-type=\"widget\" data-widget_type=\"text-editor.default\">\n\t\t\t\t\t\t\t\t\t<p>Contacta con nosotros para resolver cualquier duda o consulta sobre nuestros servicios profesionales. Estaremos encantados de atenderte y con gusto coordinaremos una entrevista personal o telef\u00f3nica.<\/p><ul><li class=\"elementor-icon-list-item\"><a href=\"https:\/\/web.archive.org\/web\/20250324072551\/https:\/\/goo.gl\/maps\/AE7KEfahC9S6fEXdA\"><span class=\"elementor-icon-list-icon\"><i class=\"fas fa-map-marker-alt\" aria-hidden=\"true\"><\/i>\u00a0<\/span><span class=\"elementor-icon-list-text\">Calle Luis Montoto 107-113, 41007 Sevilla<\/span><\/a><\/li><li class=\"elementor-icon-list-item\"><a href=\"https:\/\/web.archive.org\/web\/20250324072551\/tel:954706300\"><span class=\"elementor-icon-list-icon\"><i class=\"fas fa-phone-alt\" aria-hidden=\"true\"><\/i>\u00a0<\/span><span class=\"elementor-icon-list-text\">954706300<\/span><\/a><\/li><li class=\"elementor-icon-list-item\"><a href=\"https:\/\/web.archive.org\/web\/20250324072551\/mailto:info@sevigest.com\"><span class=\"elementor-icon-list-icon\"><i class=\"fas fa-envelope\" aria-hidden=\"true\"><\/i>\u00a0<\/span><span class=\"elementor-icon-list-text\">info@sevigest.com<\/span><\/a><\/li><\/ul>\t\t\t\t\t\t\t\t<\/div>\n\t\t\t\t<\/div>\n\t\t<div class=\"elementor-element elementor-element-90142fd e-con-full e-flex e-con e-child\" data-id=\"90142fd\" data-element_type=\"container\" data-e-type=\"container\" data-settings=\"{&quot;background_background&quot;:&quot;classic&quot;}\">\n\t\t\t\t<\/div>\n\t\t\t\t\t<\/div>\n\t\t\t\t<\/div>\n\t\t<div class=\"elementor-element elementor-element-05b765e e-flex e-con-boxed e-con e-parent\" data-id=\"05b765e\" data-element_type=\"container\" data-e-type=\"container\" data-settings=\"{&quot;background_background&quot;:&quot;classic&quot;}\">\n\t\t\t\t\t<div class=\"e-con-inner\">\n\t\t<div class=\"elementor-element elementor-element-a4c4273 e-con-full e-flex e-con e-child\" data-id=\"a4c4273\" data-element_type=\"container\" data-e-type=\"container\">\n\t\t\t\t<div class=\"elementor-element elementor-element-786d4fc elementor-widget elementor-widget-image\" data-id=\"786d4fc\" data-element_type=\"widget\" data-e-type=\"widget\" data-widget_type=\"image.default\">\n\t\t\t\t\t\t\t\t\t\t\t\t\t\t\t<img fetchpriority=\"high\" decoding=\"async\" width=\"800\" height=\"254\" src=\"https:\/\/sevigest.com\/wp-content\/uploads\/2026\/02\/cropped-logo.webp\" class=\"attachment-large size-large wp-image-10\" alt=\"\" srcset=\"https:\/\/sevigest.com\/wp-content\/uploads\/2026\/02\/cropped-logo.webp 866w, https:\/\/sevigest.com\/wp-content\/uploads\/2026\/02\/cropped-logo-300x95.webp 300w, https:\/\/sevigest.com\/wp-content\/uploads\/2026\/02\/cropped-logo-768x244.webp 768w\" sizes=\"(max-width: 800px) 100vw, 800px\" \/>\t\t\t\t\t\t\t\t\t\t\t\t\t\t\t<\/div>\n\t\t\t\t<\/div>\n\t\t<div class=\"elementor-element elementor-element-ebe8eda e-con-full e-flex e-con e-child\" data-id=\"ebe8eda\" data-element_type=\"container\" data-e-type=\"container\">\n\t\t\t\t<div class=\"elementor-element elementor-element-bde0a17 elementor-widget__width-initial elementor-widget elementor-widget-text-editor\" data-id=\"bde0a17\" data-element_type=\"widget\" data-e-type=\"widget\" data-widget_type=\"text-editor.default\">\n\t\t\t\t\t\t\t\t\t<p><strong>Oficina principal<\/strong><br \/>Calle Luis Montoto 107-113 Portal B 1 S. 41007 Sevilla<br \/><strong>Tel\u00e9fono <\/strong>954 706 300<br \/><strong>Email <\/strong>info@sevigest.com<\/p>\t\t\t\t\t\t\t\t<\/div>\n\t\t\t\t<\/div>\n\t\t<div class=\"elementor-element elementor-element-778721b e-con-full e-flex e-con e-child\" data-id=\"778721b\" data-element_type=\"container\" data-e-type=\"container\">\n\t\t\t\t<div class=\"elementor-element elementor-element-b358860 elementor-widget elementor-widget-text-editor\" data-id=\"b358860\" data-element_type=\"widget\" data-e-type=\"widget\" data-widget_type=\"text-editor.default\">\n\t\t\t\t\t\t\t\t\t<p>Aviso legal\u00a0 \u00a0Pol\u00edtica de privacidad<\/p>\t\t\t\t\t\t\t\t<\/div>\n\t\t\t\t<\/div>\n\t\t\t\t\t<\/div>\n\t\t\t\t<\/div>\n\t\t\t\t<\/div>\n\t\t","protected":false},"excerpt":{"rendered":"<p>Sobre Nosotros Servicios Transformaci\u00f3n digital Asesor\u00eda Fiscal Asesor\u00eda Laboral Asesor\u00eda Contable Modelos y formularios Noticias Contacto Consulta ahora tu Pack Aut\u00f3nomo \ud83e\udc62 Empieza ahora \u00bfPor qu\u00e9 elegir nuestros servicios? Asesoramiento y gesti\u00f3n Somos l\u00edderes en la prestaci\u00f3n de servicios de asesoramiento y gesti\u00f3n a empresas, aut\u00f3nomos y particulares en nuestra ciudad. Solucionamos tus necesidades Sabemos [&hellip;]<\/p>\n","protected":false},"author":1,"featured_media":0,"parent":0,"menu_order":0,"comment_status":"closed","ping_status":"closed","template":"elementor_canvas","meta":{"footnotes":""},"class_list":["post-69","page","type-page","status-publish","hentry"],"_links":{"self":[{"href":"https:\/\/sevigest.com\/index.php?rest_route=\/wp\/v2\/pages\/69","targetHints":{"allow":["GET"]}}],"collection":[{"href":"https:\/\/sevigest.com\/index.php?rest_route=\/wp\/v2\/pages"}],"about":[{"href":"https:\/\/sevigest.com\/index.php?rest_route=\/wp\/v2\/types\/page"}],"author":[{"embeddable":true,"href":"https:\/\/sevigest.com\/index.php?rest_route=\/wp\/v2\/users\/1"}],"replies":[{"embeddable":true,"href":"https:\/\/sevigest.com\/index.php?rest_route=%2Fwp%2Fv2%2Fcomments&post=69"}],"version-history":[{"count":23,"href":"https:\/\/sevigest.com\/index.php?rest_route=\/wp\/v2\/pages\/69\/revisions"}],"predecessor-version":[{"id":200,"href":"https:\/\/sevigest.com\/index.php?rest_route=\/wp\/v2\/pages\/69\/revisions\/200"}],"wp:attachment":[{"href":"https:\/\/sevigest.com\/index.php?rest_route=%2Fwp%2Fv2%2Fmedia&parent=69"}],"curies":[{"name":"wp","href":"https:\/\/api.w.org\/{rel}","templated":true}]}}