{"id":261,"date":"2026-04-08T15:05:08","date_gmt":"2026-04-08T15:05:08","guid":{"rendered":"https:\/\/sevigest.com\/?page_id=261"},"modified":"2026-04-08T15:06:15","modified_gmt":"2026-04-08T15:06:15","slug":"politica-de-privacidad","status":"publish","type":"page","link":"https:\/\/sevigest.com\/?page_id=261","title":{"rendered":"Pol\u00edtica de privacidad"},"content":{"rendered":"\t\t<div data-elementor-type=\"wp-page\" data-elementor-id=\"261\" class=\"elementor elementor-261\" data-elementor-post-type=\"page\">\n\t\t\t\t<div class=\"elementor-element elementor-element-8c909f7 e-flex e-con-boxed e-con e-parent\" data-id=\"8c909f7\" data-element_type=\"container\" data-e-type=\"container\" data-settings=\"{&quot;background_background&quot;:&quot;classic&quot;}\">\n\t\t\t\t\t<div class=\"e-con-inner\">\n\t\t<div class=\"elementor-element elementor-element-20ec12b e-con-full e-flex e-con e-child\" data-id=\"20ec12b\" data-element_type=\"container\" data-e-type=\"container\">\n\t\t\t\t<div class=\"elementor-element elementor-element-fc94f0d elementor-widget elementor-widget-heading\" data-id=\"fc94f0d\" data-element_type=\"widget\" data-e-type=\"widget\" data-widget_type=\"heading.default\">\n\t\t\t\t\t<h2 class=\"elementor-heading-title elementor-size-default\">Pol\u00edtica de privacidad<\/h2>\t\t\t\t<\/div>\n\t\t\t\t<\/div>\n\t\t\t\t\t<\/div>\n\t\t\t\t<\/div>\n\t\t<div class=\"elementor-element elementor-element-9c72610 e-flex e-con-boxed e-con e-parent\" data-id=\"9c72610\" data-element_type=\"container\" data-e-type=\"container\">\n\t\t\t\t\t<div class=\"e-con-inner\">\n\t\t\t\t<div class=\"elementor-element elementor-element-e0f7d8a elementor-widget elementor-widget-text-editor\" data-id=\"e0f7d8a\" data-element_type=\"widget\" data-e-type=\"widget\" data-widget_type=\"text-editor.default\">\n\t\t\t\t\t\t\t\t\t<div class=\"elementor-element elementor-element-5305169 elementor-widget elementor-widget-text-editor\" data-id=\"5305169\" data-element_type=\"widget\" data-widget_type=\"text-editor.default\"><div class=\"elementor-widget-container\"><div class=\"elementor-text-editor elementor-clearfix\"><p><strong>En cumplimiento del Reglamento General de Protecci\u00f3n de Datos (UE) 2016\/679, del Parlamento Europeo y del Consejo, de 27 de abril de 2016 y de la Ley Org\u00e1nica 3\/2018, de 5 de diciembre, de Protecci\u00f3n de Datos Personales y de Garant\u00eda de los Derechos Digitales, le informamos de que:<\/strong><\/p><p>El titular del presente sitio web y responsable de los tratamientos de datos a trav\u00e9s de este realizados, as\u00ed como de aquellos tratamientos realizados a causa de su actividad profesional, es\u00a0<strong>REINA RUIZ Y RUBIO ASOCIADOS S.L.<\/strong>\u00a0(en adelante, el RESPONSABLE), con domicilio social sito en\u00a0<strong>AVDA. LUIS MONTOTO 107-113 PORTAL B 1\u00ba S., 41007 Sevilla<\/strong>, N.I.F.:\u00a0<strong>B91334672<\/strong>\u00a0y correo electr\u00f3nico de protecci\u00f3n de datos:\u00a0<strong><a>carlos.reina@sevigest.com<\/a><\/strong>.<\/p><p>Los datos de car\u00e1cter personal que se puedan recabar a trav\u00e9s de este sitio web o a trav\u00e9s de cualquier otra v\u00eda por el RESPONSABLE ser\u00e1n tratados de forma segura y confidencial, aplicando las medidas t\u00e9cnicas y organizativas necesarias para garantizar la protecci\u00f3n de estos contra el tratamiento no autorizado o il\u00edcito y contra su p\u00e9rdida, destrucci\u00f3n o da\u00f1o accidental.<\/p><p>Tales datos tratados quedar\u00e1n incorporados a la actividad de tratamiento de titularidad del RESPONSABLE que corresponda, entre las que se encuentran la gesti\u00f3n de los datos de car\u00e1cter personal obtenidos a trav\u00e9s de esta p\u00e1gina web y sus diferentes formularios, en los cuales la informaci\u00f3n requerida con obligatoriedad ser\u00e1 la m\u00ednima indispensable para el fin contractual o legal requerido, el manejo de los datos de car\u00e1cter personal de los clientes, de los trabajadores o de otras personas de inter\u00e9s. Los datos tratados podr\u00e1n incluir datos de car\u00e1cter identificativos, direcciones postales, direcciones electr\u00f3nicas y otras informaciones comerciales relativas a los servicios solicitados.<\/p><p>La finalidad de tales actividades de tratamiento ser\u00e1, seg\u00fan proceda, la gesti\u00f3n de las comunicaciones o reservas solicitadas por los interesados, la gesti\u00f3n de la actividad del RESPONSABLE de tal forma que permita la adecuada prestaci\u00f3n de los servicios profesionales ofertados, el mantenimiento de la relaci\u00f3n con clientes y posibles clientes o el cumplimiento de las obligaciones legales que resulten aplicables seg\u00fan la actividad en cuesti\u00f3n.<\/p><p>Para ello, los datos de car\u00e1cter personal ser\u00e1n tratados, seg\u00fan corresponda atendiendo a las caracter\u00edsticas concretas del tratamiento de que se trate, en base a su consentimiento cuando este sea requerido, en cuyo caso se le solicitar\u00e1 de forma libre, espec\u00edfica, informada e inequ\u00edvoca, o bien en base a la ejecuci\u00f3n de un contrato en el que usted es parte o para la aplicaci\u00f3n a su petici\u00f3n de medidas precontractuales, en base al cumplimiento de una obligaci\u00f3n legal aplicable al RESPONSABLE o en base a la satisfacci\u00f3n de un inter\u00e9s leg\u00edtimo del RESPONSABLE concretado seg\u00fan proceda.<\/p><p>Los datos personales objeto de tratamiento se conservar\u00e1n durante el tiempo estrictamente necesario para cumplir con la finalidad para la que fueron recabados y para determinar las posibles responsabilidades legales que se pudieran derivar de la finalidad, salvo cuando expresamente se prevea un plazo de conservaci\u00f3n espec\u00edfico por la normativa aplicable.<\/p><p>No se comunicar\u00e1n los datos personales a terceros, salvo obligaci\u00f3n legal, pudiendo ser en tal caso los datos comunicables, entre otros, a las Autoridades laborales o tributarias.<\/p><p>Tiene derecho de acceso, de rectificaci\u00f3n, de supresi\u00f3n, de limitaci\u00f3n del tratamiento de los datos personales, de oposici\u00f3n al tratamiento y de portabilidad de los datos, as\u00ed como, cuando resulte de aplicaci\u00f3n, a retirar su consentimiento en cualquier momento sin que ello afecte a la licitud del tratamiento basado en el consentimiento previo a su retirada y a presentar una reclamaci\u00f3n ante una autoridad de control, en los t\u00e9rminos previstos en el Reglamento General de Protecci\u00f3n de Datos y en la Ley Org\u00e1nica 3\/2018, de 5 de diciembre, de Protecci\u00f3n de Datos Personales y garant\u00eda de los derechos digitales. Puede solicitar el ejercicio de estos derechos, en la medida que proceda, dirigiendo un escrito al RESPONSABLE a trav\u00e9s de cualquiera de los medios de contacto indicados o ante la Agencia Espa\u00f1ola de Protecci\u00f3n de Datos en\u00a0<a class=\"\" href=\"http:\/\/www.aepd.es\/\">www.aepd.es<\/a>.<\/p><\/div><\/div><\/div>\t\t\t\t\t\t\t\t<\/div>\n\t\t\t\t\t<\/div>\n\t\t\t\t<\/div>\n\t\t\t\t<\/div>\n\t\t","protected":false},"excerpt":{"rendered":"<p>Pol\u00edtica de privacidad En cumplimiento del Reglamento General de Protecci\u00f3n de Datos (UE) 2016\/679, del Parlamento Europeo y del Consejo, de 27 de abril de 2016 y de la Ley Org\u00e1nica 3\/2018, de 5 de diciembre, de Protecci\u00f3n de Datos Personales y de Garant\u00eda de los Derechos Digitales, le informamos de que: El titular del [&hellip;]<\/p>\n","protected":false},"author":1,"featured_media":0,"parent":0,"menu_order":0,"comment_status":"closed","ping_status":"closed","template":"","meta":{"footnotes":""},"class_list":["post-261","page","type-page","status-publish","hentry"],"_links":{"self":[{"href":"https:\/\/sevigest.com\/index.php?rest_route=\/wp\/v2\/pages\/261","targetHints":{"allow":["GET"]}}],"collection":[{"href":"https:\/\/sevigest.com\/index.php?rest_route=\/wp\/v2\/pages"}],"about":[{"href":"https:\/\/sevigest.com\/index.php?rest_route=\/wp\/v2\/types\/page"}],"author":[{"embeddable":true,"href":"https:\/\/sevigest.com\/index.php?rest_route=\/wp\/v2\/users\/1"}],"replies":[{"embeddable":true,"href":"https:\/\/sevigest.com\/index.php?rest_route=%2Fwp%2Fv2%2Fcomments&post=261"}],"version-history":[{"count":4,"href":"https:\/\/sevigest.com\/index.php?rest_route=\/wp\/v2\/pages\/261\/revisions"}],"predecessor-version":[{"id":276,"href":"https:\/\/sevigest.com\/index.php?rest_route=\/wp\/v2\/pages\/261\/revisions\/276"}],"wp:attachment":[{"href":"https:\/\/sevigest.com\/index.php?rest_route=%2Fwp%2Fv2%2Fmedia&parent=261"}],"curies":[{"name":"wp","href":"https:\/\/api.w.org\/{rel}","templated":true}]}}