{"id":260,"date":"2026-04-08T15:00:21","date_gmt":"2026-04-08T15:00:21","guid":{"rendered":"https:\/\/sevigest.com\/?page_id=260"},"modified":"2026-04-08T15:04:51","modified_gmt":"2026-04-08T15:04:51","slug":"aviso-legal","status":"publish","type":"page","link":"https:\/\/sevigest.com\/?page_id=260","title":{"rendered":"Aviso legal"},"content":{"rendered":"\t\t<div data-elementor-type=\"wp-page\" data-elementor-id=\"260\" class=\"elementor elementor-260\" data-elementor-post-type=\"page\">\n\t\t\t\t<div class=\"elementor-element elementor-element-1fa34d6 e-flex e-con-boxed e-con e-parent\" data-id=\"1fa34d6\" data-element_type=\"container\" data-e-type=\"container\" data-settings=\"{&quot;background_background&quot;:&quot;classic&quot;}\">\n\t\t\t\t\t<div class=\"e-con-inner\">\n\t\t<div class=\"elementor-element elementor-element-7b9e889 e-con-full e-flex e-con e-child\" data-id=\"7b9e889\" data-element_type=\"container\" data-e-type=\"container\">\n\t\t\t\t<div class=\"elementor-element elementor-element-b4a9db5 elementor-widget elementor-widget-heading\" data-id=\"b4a9db5\" data-element_type=\"widget\" data-e-type=\"widget\" data-widget_type=\"heading.default\">\n\t\t\t\t\t<h2 class=\"elementor-heading-title elementor-size-default\">Aviso legal<\/h2>\t\t\t\t<\/div>\n\t\t\t\t<\/div>\n\t\t\t\t\t<\/div>\n\t\t\t\t<\/div>\n\t\t<div class=\"elementor-element elementor-element-e8b730e e-flex e-con-boxed e-con e-parent\" data-id=\"e8b730e\" data-element_type=\"container\" data-e-type=\"container\">\n\t\t\t\t\t<div class=\"e-con-inner\">\n\t\t\t\t<div class=\"elementor-element elementor-element-f85feff elementor-widget elementor-widget-text-editor\" data-id=\"f85feff\" data-element_type=\"widget\" data-e-type=\"widget\" data-widget_type=\"text-editor.default\">\n\t\t\t\t\t\t\t\t\t<div class=\"elementor-element elementor-element-5305169 elementor-widget elementor-widget-text-editor\" data-id=\"5305169\" data-element_type=\"widget\" data-widget_type=\"text-editor.default\"><div class=\"elementor-widget-container\"><div class=\"elementor-text-editor elementor-clearfix\"><p data-start=\"136\" data-end=\"454\"><strong data-start=\"136\" data-end=\"164\">1. DATOS IDENTIFICATIVOS<\/strong><br data-start=\"164\" data-end=\"167\" \/>En cumplimiento del Reglamento General de Protecci\u00f3n de Datos (UE) 2016\/679 del Parlamento Europeo y del Consejo de 27 de abril de 2016 y la Ley Org\u00e1nica 3\/2018 de 5 de diciembre de Protecci\u00f3n de Datos Personales y de Garant\u00eda de los Derechos Digitales, se reflejan los siguientes datos:<\/p><p data-start=\"456\" data-end=\"858\">La empresa titular del presente dominio web\u00a0<a class=\"\" href=\"https:\/\/sevigestasesoria.es\/\" target=\"_new\" rel=\"noopener\" data-start=\"500\" data-end=\"558\">https:\/\/sevigestasesoria.es<\/a>\u00a0es\u00a0<strong data-start=\"562\" data-end=\"599\">REINA RUIZ Y RUBIO ASOCIADOS S.L.<\/strong>, n\u00famero de CIF\u00a0<strong data-start=\"615\" data-end=\"628\">B91334672<\/strong>, con domicilio a estos efectos en\u00a0<strong data-start=\"663\" data-end=\"723\">AVDA. LUIS MONTOTO 107-113 PORTAL B 1\u00ba S., 41007 Sevilla<\/strong>.<br data-start=\"724\" data-end=\"727\" \/>Correo electr\u00f3nico de Protecci\u00f3n de Datos:\u00a0<strong data-start=\"770\" data-end=\"799\"><a class=\"cursor-pointer\" rel=\"noopener\" data-start=\"772\" data-end=\"797\">carlos.reina@sevigest.com<\/a><\/strong>.<br data-start=\"800\" data-end=\"803\" \/>Inscrita en el Registro Mercantil de [<em data-start=\"841\" data-end=\"856\">no se incluye<\/em>].<\/p><p data-start=\"860\" data-end=\"1296\"><strong data-start=\"860\" data-end=\"875\">2. USUARIOS<\/strong><br data-start=\"875\" data-end=\"878\" \/>El acceso y\/o uso de este portal o sitio web le atribuye la condici\u00f3n de USUARIO, que acepta, desde dicho acceso y\/o uso, las Condiciones Generales de Uso reflejadas en el presente aviso. Las Condiciones ser\u00e1n de aplicaci\u00f3n independientemente de las Condiciones Generales de Contrataci\u00f3n que en su caso resulten de obligado cumplimiento. En todo caso, para cualquier fin espec\u00edfico se pedir\u00e1 su consentimiento expreso.<\/p><p data-start=\"1298\" data-end=\"1563\"><strong data-start=\"1298\" data-end=\"1319\">3. USO DEL PORTAL<\/strong><br data-start=\"1319\" data-end=\"1322\" \/>Nuestra web proporciona el acceso a informaciones, servicios, programas o datos (en adelante \u201clos contenidos\u201d) en Internet pertenecientes a\u00a0<strong data-start=\"1462\" data-end=\"1499\">REINA RUIZ Y RUBIO ASOCIADOS S.L.<\/strong>\u00a0o a sus licenciantes a los que el USUARIO pueda tener acceso.<\/p><p data-start=\"1565\" data-end=\"2025\">El USUARIO asume la responsabilidad del correcto uso del portal. Dicha responsabilidad se extiende al registro que fuese necesario para acceder a determinados servicios o contenidos. En dicho registro, el USUARIO ser\u00e1 responsable de aportar informaci\u00f3n veraz y l\u00edcita. Como consecuencia de este registro, al USUARIO se le puede proporcionar una contrase\u00f1a de la que ser\u00e1 responsable, comprometi\u00e9ndose a hacer un uso diligente, \u00e9tico y confidencial de la misma.<\/p><p data-start=\"2027\" data-end=\"2214\">El USUARIO se compromete a hacer un uso adecuado de los contenidos y servicios que se ofrecen a trav\u00e9s de este portal y, con car\u00e1cter enunciativo pero no limitativo, a no emplearlos para:<\/p><ul data-start=\"2216\" data-end=\"2858\"><li data-start=\"2216\" data-end=\"2309\"><p data-start=\"2218\" data-end=\"2309\">Incurrir en actividades il\u00edcitas, ilegales o contrarias a la buena fe y al orden p\u00fablico.<\/p><\/li><li data-start=\"2310\" data-end=\"2468\"><p data-start=\"2312\" data-end=\"2468\">Difundir contenidos o propaganda de car\u00e1cter racista, xen\u00f3fobo, pornogr\u00e1fico-ilegal, de apolog\u00eda del terrorismo o atentatorio contra los derechos humanos.<\/p><\/li><li data-start=\"2469\" data-end=\"2581\"><p data-start=\"2471\" data-end=\"2581\">Provocar da\u00f1os en los sistemas f\u00edsicos y l\u00f3gicos del propietario, de sus proveedores o de terceras personas.<\/p><\/li><li data-start=\"2582\" data-end=\"2723\"><p data-start=\"2584\" data-end=\"2723\">Introducir o difundir en la red virus inform\u00e1ticos o cualesquiera otros sistemas f\u00edsicos o l\u00f3gicos susceptibles de provocar dichos da\u00f1os.<\/p><\/li><li data-start=\"2724\" data-end=\"2858\"><p data-start=\"2726\" data-end=\"2858\">Intentar acceder y, en su caso, utilizar las cuentas de correo electr\u00f3nico de otros usuarios y modificar o manipular sus mensajes.<\/p><\/li><\/ul><p data-start=\"2860\" data-end=\"3244\">El propietario del portal se reserva el derecho de retirar todos aquellos comentarios y aportaciones que vulneren el respeto a la dignidad de la persona o que, a su juicio, no resultaran adecuados para su publicaci\u00f3n. En cualquier caso,\u00a0<strong data-start=\"3097\" data-end=\"3134\">REINA RUIZ Y RUBIO ASOCIADOS S.L.<\/strong>\u00a0no ser\u00e1 responsable de las opiniones vertidas por los usuarios a trav\u00e9s de las herramientas de participaci\u00f3n.<\/p><p data-start=\"3246\" data-end=\"3469\"><strong data-start=\"3246\" data-end=\"3272\">4. PROTECCI\u00d3N DE DATOS<\/strong><br data-start=\"3272\" data-end=\"3275\" \/>El uso de los datos personales est\u00e1 definido en base al Reglamento General de Protecci\u00f3n de Datos y la normativa espa\u00f1ola vigente. Con el fin de conseguir la m\u00e1xima transparencia, le informamos:<\/p><ul data-start=\"3471\" data-end=\"4928\"><li data-start=\"3471\" data-end=\"3802\"><p data-start=\"3473\" data-end=\"3802\"><strong data-start=\"3473\" data-end=\"3508\">\u00bfPor qu\u00e9 solicitamos sus datos?<\/strong><br data-start=\"3508\" data-end=\"3511\" \/><strong data-start=\"3513\" data-end=\"3550\">REINA RUIZ Y RUBIO ASOCIADOS S.L.<\/strong>\u00a0informa que el tratamiento de los datos se realiza con las siguientes finalidades: elaboraci\u00f3n de presupuestos, contrataci\u00f3n y prestaci\u00f3n de servicios de asesor\u00eda a la empresa o interesado, atenci\u00f3n de comunicaciones recibidas y prospecci\u00f3n comercial.<\/p><\/li><li data-start=\"3804\" data-end=\"4071\"><p data-start=\"3806\" data-end=\"4071\"><strong data-start=\"3806\" data-end=\"3839\">\u00bfQu\u00e9 tipo de datos recabamos?<\/strong><br data-start=\"3839\" data-end=\"3842\" \/>Datos personales correspondientes a su identidad, que sean adecuados, pertinentes, actuales, exactos y verdaderos. El usuario ser\u00e1 responsable por el uso de datos personales falsos, err\u00f3neos o de terceros sin su consentimiento.<\/p><\/li><li data-start=\"4073\" data-end=\"4315\"><p data-start=\"4075\" data-end=\"4315\"><strong data-start=\"4075\" data-end=\"4096\">\u00bfC\u00f3mo se recogen?<\/strong><br data-start=\"4096\" data-end=\"4099\" \/>Mediante formularios web, donde el usuario deber\u00e1 aceptar expresamente la pol\u00edtica de privacidad mediante el check \u00abhe le\u00eddo y acepto la pol\u00edtica de privacidad\u00bb. Si no se marca este check, no se enviar\u00e1n los datos.<\/p><\/li><li data-start=\"4317\" data-end=\"4468\"><p data-start=\"4319\" data-end=\"4468\"><strong data-start=\"4319\" data-end=\"4351\">Uso compartido con terceros:<\/strong><br data-start=\"4351\" data-end=\"4354\" \/>Los datos no se ceder\u00e1n a terceros salvo obligaci\u00f3n legal. No se prev\u00e9n transferencias internacionales de datos.<\/p><\/li><li data-start=\"4470\" data-end=\"4928\"><p data-start=\"4472\" data-end=\"4928\"><strong data-start=\"4472\" data-end=\"4497\">Derechos del usuario:<\/strong><br data-start=\"4497\" data-end=\"4500\" \/>Tiene derecho a acceder, rectificar, suprimir, limitar y oponerse al tratamiento de sus datos, as\u00ed como a retirar su consentimiento en cualquier momento y reclamar ante la AEPD (C\/ Jorge Juan 6, 28001 Madrid).<br data-start=\"4711\" data-end=\"4714\" \/>Puede ejercer sus derechos a trav\u00e9s del correo electr\u00f3nico\u00a0<strong data-start=\"4775\" data-end=\"4804\"><a class=\"cursor-pointer\" rel=\"noopener\" data-start=\"4777\" data-end=\"4802\">carlos.reina@sevigest.com<\/a><\/strong>\u00a0o por escrito a\u00a0<strong data-start=\"4821\" data-end=\"4881\">AVDA. LUIS MONTOTO 107-113 PORTAL B 1\u00ba S., 41007 Sevilla<\/strong>, indicando en el asunto \u201cProtecci\u00f3n de Datos\u201d.<\/p><\/li><\/ul><p data-start=\"4930\" data-end=\"5134\"><strong data-start=\"4930\" data-end=\"4967\">REINA RUIZ Y RUBIO ASOCIADOS S.L.<\/strong>\u00a0informa adem\u00e1s que cumple con la Ley 34\/2002 de Servicios de la Sociedad de la Informaci\u00f3n y solicitar\u00e1 su consentimiento para el env\u00edo de comunicaciones comerciales.<\/p><p data-start=\"5136\" data-end=\"5467\"><strong data-start=\"5136\" data-end=\"5177\">5. PROPIEDAD INTELECTUAL E INDUSTRIAL<\/strong><br data-start=\"5177\" data-end=\"5180\" \/><strong data-start=\"5180\" data-end=\"5217\">REINA RUIZ Y RUBIO ASOCIADOS S.L.<\/strong>, por s\u00ed o como cesionaria, es titular de todos los derechos de propiedad intelectual e industrial de su p\u00e1gina web y de los elementos contenidos en la misma (im\u00e1genes, audio, software, textos, logotipos, dise\u00f1o, etc.). Todos los derechos reservados.<\/p><p data-start=\"5469\" data-end=\"5686\">Queda expresamente prohibida la reproducci\u00f3n, distribuci\u00f3n y comunicaci\u00f3n p\u00fablica de los contenidos, en cualquier soporte y por cualquier medio t\u00e9cnico, sin autorizaci\u00f3n previa de\u00a0<strong data-start=\"5649\" data-end=\"5686\">REINA RUIZ Y RUBIO ASOCIADOS S.L.<\/strong><\/p><p data-start=\"5688\" data-end=\"5863\">El USUARIO podr\u00e1 visualizar, copiar e imprimir los elementos del portal para uso personal y privado, y deber\u00e1 abstenerse de manipular cualquier sistema de seguridad de la web.<\/p><p data-start=\"5865\" data-end=\"6196\"><strong data-start=\"5865\" data-end=\"5912\">6. EXCLUSI\u00d3N DE GARANT\u00cdAS Y RESPONSABILIDAD<\/strong><br data-start=\"5912\" data-end=\"5915\" \/><strong data-start=\"5915\" data-end=\"5952\">REINA RUIZ Y RUBIO ASOCIADOS S.L.<\/strong>\u00a0no se hace responsable, en ning\u00fan caso, de los da\u00f1os y perjuicios que pudieran ocasionar errores en los contenidos, falta de disponibilidad del portal o transmisi\u00f3n de virus, pese a haber adoptado medidas tecnol\u00f3gicas necesarias para evitarlo.<\/p><p data-start=\"6198\" data-end=\"6361\"><strong data-start=\"6198\" data-end=\"6219\">7. MODIFICACIONES<\/strong><br data-start=\"6219\" data-end=\"6222\" \/><strong data-start=\"6222\" data-end=\"6259\">REINA RUIZ Y RUBIO ASOCIADOS S.L.<\/strong>\u00a0se reserva el derecho a modificar sin previo aviso los contenidos, servicios y estructura del portal.<\/p><p data-start=\"6363\" data-end=\"6634\"><strong data-start=\"6363\" data-end=\"6377\">8. ENLACES<\/strong><br data-start=\"6377\" data-end=\"6380\" \/>El portal puede contener enlaces a sitios externos.\u00a0<strong data-start=\"6432\" data-end=\"6469\">REINA RUIZ Y RUBIO ASOCIADOS S.L.<\/strong>\u00a0no ejerce ning\u00fan control sobre ellos ni asume responsabilidad por sus contenidos. La inclusi\u00f3n de enlaces no implica asociaci\u00f3n alguna con las entidades conectadas.<\/p><p data-start=\"6636\" data-end=\"6853\"><strong data-start=\"6636\" data-end=\"6663\">9. DERECHO DE EXCLUSI\u00d3N<\/strong><br data-start=\"6663\" data-end=\"6666\" \/><strong data-start=\"6666\" data-end=\"6703\">REINA RUIZ Y RUBIO ASOCIADOS S.L.<\/strong>\u00a0podr\u00e1 denegar o retirar el acceso a portal y\/o los servicios ofrecidos sin necesidad de preaviso a aquellos usuarios que incumplan estas condiciones.<\/p><p data-start=\"6855\" data-end=\"7017\"><strong data-start=\"6855\" data-end=\"6876\">10. GENERALIDADES<\/strong><br data-start=\"6876\" data-end=\"6879\" \/>Se perseguir\u00e1 el incumplimiento de las presentes condiciones, ejerciendo todas las acciones civiles y penales que correspondan en derecho.<\/p><p data-start=\"7019\" data-end=\"7252\"><strong data-start=\"7019\" data-end=\"7079\">11. MODIFICACI\u00d3N DE LAS PRESENTES CONDICIONES Y DURACI\u00d3N<\/strong><br data-start=\"7079\" data-end=\"7082\" \/>Estas condiciones podr\u00e1n ser modificadas en cualquier momento, siendo publicadas debidamente. Su vigencia se mantendr\u00e1 hasta que sean reemplazadas por otras actualizadas.<\/p><p data-start=\"7254\" data-end=\"7492\"><strong data-start=\"7254\" data-end=\"7298\">12. LEGISLACI\u00d3N APLICABLE Y JURISDICCI\u00d3N<\/strong><br data-start=\"7298\" data-end=\"7301\" \/>La relaci\u00f3n entre\u00a0<strong data-start=\"7319\" data-end=\"7356\">REINA RUIZ Y RUBIO ASOCIADOS S.L.<\/strong>\u00a0y el USUARIO se regir\u00e1 por la normativa espa\u00f1ola vigente, y cualquier controversia se someter\u00e1 a los Juzgados y Tribunales competentes.<\/p><\/div><\/div><\/div>\t\t\t\t\t\t\t\t<\/div>\n\t\t\t\t\t<\/div>\n\t\t\t\t<\/div>\n\t\t\t\t<\/div>\n\t\t","protected":false},"excerpt":{"rendered":"<p>Aviso legal 1. DATOS IDENTIFICATIVOSEn cumplimiento del Reglamento General de Protecci\u00f3n de Datos (UE) 2016\/679 del Parlamento Europeo y del Consejo de 27 de abril de 2016 y la Ley Org\u00e1nica 3\/2018 de 5 de diciembre de Protecci\u00f3n de Datos Personales y de Garant\u00eda de los Derechos Digitales, se reflejan los siguientes datos: La empresa [&hellip;]<\/p>\n","protected":false},"author":1,"featured_media":0,"parent":0,"menu_order":0,"comment_status":"closed","ping_status":"closed","template":"elementor_header_footer","meta":{"footnotes":""},"class_list":["post-260","page","type-page","status-publish","hentry"],"_links":{"self":[{"href":"https:\/\/sevigest.com\/index.php?rest_route=\/wp\/v2\/pages\/260","targetHints":{"allow":["GET"]}}],"collection":[{"href":"https:\/\/sevigest.com\/index.php?rest_route=\/wp\/v2\/pages"}],"about":[{"href":"https:\/\/sevigest.com\/index.php?rest_route=\/wp\/v2\/types\/page"}],"author":[{"embeddable":true,"href":"https:\/\/sevigest.com\/index.php?rest_route=\/wp\/v2\/users\/1"}],"replies":[{"embeddable":true,"href":"https:\/\/sevigest.com\/index.php?rest_route=%2Fwp%2Fv2%2Fcomments&post=260"}],"version-history":[{"count":4,"href":"https:\/\/sevigest.com\/index.php?rest_route=\/wp\/v2\/pages\/260\/revisions"}],"predecessor-version":[{"id":271,"href":"https:\/\/sevigest.com\/index.php?rest_route=\/wp\/v2\/pages\/260\/revisions\/271"}],"wp:attachment":[{"href":"https:\/\/sevigest.com\/index.php?rest_route=%2Fwp%2Fv2%2Fmedia&parent=260"}],"curies":[{"name":"wp","href":"https:\/\/api.w.org\/{rel}","templated":true}]}}