{"id":101,"date":"2026-02-25T15:37:31","date_gmt":"2026-02-25T15:37:31","guid":{"rendered":"https:\/\/sevigest.com\/?page_id=101"},"modified":"2026-04-08T15:10:23","modified_gmt":"2026-04-08T15:10:23","slug":"transformacion-digital","status":"publish","type":"page","link":"https:\/\/sevigest.com\/?page_id=101","title":{"rendered":"Transformaci\u00f3n digital"},"content":{"rendered":"\t\t<div data-elementor-type=\"wp-page\" data-elementor-id=\"101\" class=\"elementor elementor-101\" data-elementor-post-type=\"page\">\n\t\t\t\t<div class=\"elementor-element elementor-element-ed08c17 e-flex e-con-boxed e-con e-parent\" data-id=\"ed08c17\" data-element_type=\"container\" data-e-type=\"container\" data-settings=\"{&quot;background_background&quot;:&quot;classic&quot;}\">\n\t\t\t\t\t<div class=\"e-con-inner\">\n\t\t\t\t<div class=\"elementor-element elementor-element-e06b90b elementor-widget elementor-widget-text-editor\" data-id=\"e06b90b\" data-element_type=\"widget\" data-e-type=\"widget\" data-widget_type=\"text-editor.default\">\n\t\t\t\t\t\t\t\t\t<p class=\"elementor-heading-title elementor-size-default\">te ayudamos<\/p>\t\t\t\t\t\t\t\t<\/div>\n\t\t\t\t<div class=\"elementor-element elementor-element-1e92bc2 elementor-widget__width-initial elementor-widget elementor-widget-heading\" data-id=\"1e92bc2\" data-element_type=\"widget\" data-e-type=\"widget\" data-widget_type=\"heading.default\">\n\t\t\t\t\t<h2 class=\"elementor-heading-title elementor-size-default\">Transformaci\u00f3n<\/h2>\t\t\t\t<\/div>\n\t\t\t\t<div class=\"elementor-element elementor-element-fd90608 elementor-widget elementor-widget-heading\" data-id=\"fd90608\" data-element_type=\"widget\" data-e-type=\"widget\" data-widget_type=\"heading.default\">\n\t\t\t\t\t<h2 class=\"elementor-heading-title elementor-size-default\"> digital<\/h2>\t\t\t\t<\/div>\n\t\t\t\t<div class=\"elementor-element elementor-element-43b1adc elementor-widget__width-initial elementor-widget elementor-widget-text-editor\" data-id=\"43b1adc\" data-element_type=\"widget\" data-e-type=\"widget\" data-widget_type=\"text-editor.default\">\n\t\t\t\t\t\t\t\t\t<p>Reemplaza los procesos manuales con un software intuitivo<\/p>\t\t\t\t\t\t\t\t<\/div>\n\t\t\t\t\t<\/div>\n\t\t\t\t<\/div>\n\t\t<div class=\"elementor-element elementor-element-fb49edd e-flex e-con-boxed e-con e-parent\" data-id=\"fb49edd\" data-element_type=\"container\" data-e-type=\"container\">\n\t\t\t\t\t<div class=\"e-con-inner\">\n\t\t<div class=\"elementor-element elementor-element-62d11e9 e-con-full e-flex e-con e-child\" data-id=\"62d11e9\" data-element_type=\"container\" data-e-type=\"container\">\n\t\t\t\t<div class=\"elementor-element elementor-element-e9876dd elementor-widget elementor-widget-heading\" data-id=\"e9876dd\" data-element_type=\"widget\" data-e-type=\"widget\" data-widget_type=\"heading.default\">\n\t\t\t\t\t<h2 class=\"elementor-heading-title elementor-size-default\">\u00daltima tecnolog\u00eda<\/h2>\t\t\t\t<\/div>\n\t\t\t\t<div class=\"elementor-element elementor-element-4b8a76c elementor-widget elementor-widget-heading\" data-id=\"4b8a76c\" data-element_type=\"widget\" data-e-type=\"widget\" data-widget_type=\"heading.default\">\n\t\t\t\t\t<h2 class=\"elementor-heading-title elementor-size-default\">El software inteligente de gesti\u00f3n para pymes<\/h2>\t\t\t\t<\/div>\n\t\t\t\t<div class=\"elementor-element elementor-element-e9b5a40 elementor-widget-divider--view-line elementor-widget elementor-widget-divider\" data-id=\"e9b5a40\" data-element_type=\"widget\" data-e-type=\"widget\" data-widget_type=\"divider.default\">\n\t\t\t\t\t\t\t<div class=\"elementor-divider\">\n\t\t\t<span class=\"elementor-divider-separator\">\n\t\t\t\t\t\t<\/span>\n\t\t<\/div>\n\t\t\t\t\t\t<\/div>\n\t\t\t\t<div class=\"elementor-element elementor-element-6a15179 elementor-widget elementor-widget-text-editor\" data-id=\"6a15179\" data-element_type=\"widget\" data-e-type=\"widget\" data-widget_type=\"text-editor.default\">\n\t\t\t\t\t\t\t\t\t<p>Somos partners de Holded, la herramienta en la nube que tiene todo lo necesario para gestionar tu empresa\u2026 donde quieras y cuando quieras.<\/p>\t\t\t\t\t\t\t\t<\/div>\n\t\t\t\t<\/div>\n\t\t<div class=\"elementor-element elementor-element-98dbe56 e-con-full e-flex e-con e-child\" data-id=\"98dbe56\" data-element_type=\"container\" data-e-type=\"container\" data-settings=\"{&quot;background_background&quot;:&quot;classic&quot;}\">\n\t\t\t\t<\/div>\n\t\t\t\t\t<\/div>\n\t\t\t\t<\/div>\n\t\t<div class=\"elementor-element elementor-element-dea5abd e-flex e-con-boxed e-con e-parent\" data-id=\"dea5abd\" data-element_type=\"container\" data-e-type=\"container\">\n\t\t\t\t\t<div class=\"e-con-inner\">\n\t\t<div class=\"elementor-element elementor-element-0184159 e-con-full e-flex e-con e-child\" data-id=\"0184159\" data-element_type=\"container\" data-e-type=\"container\">\n\t\t\t\t<div class=\"elementor-element elementor-element-8e26f52 elementor-widget elementor-widget-heading\" data-id=\"8e26f52\" data-element_type=\"widget\" data-e-type=\"widget\" data-widget_type=\"heading.default\">\n\t\t\t\t\t<h2 class=\"elementor-heading-title elementor-size-default\">Tu tiempo es importante<\/h2>\t\t\t\t<\/div>\n\t\t\t\t<div class=\"elementor-element elementor-element-48151d8 elementor-widget elementor-widget-heading\" data-id=\"48151d8\" data-element_type=\"widget\" data-e-type=\"widget\" data-widget_type=\"heading.default\">\n\t\t\t\t\t<h2 class=\"elementor-heading-title elementor-size-default\">Lo que nuestro software puede hacer por ti<\/h2>\t\t\t\t<\/div>\n\t\t\t\t<div class=\"elementor-element elementor-element-91ebebd elementor-widget-divider--view-line elementor-widget elementor-widget-divider\" data-id=\"91ebebd\" data-element_type=\"widget\" data-e-type=\"widget\" data-widget_type=\"divider.default\">\n\t\t\t\t\t\t\t<div class=\"elementor-divider\">\n\t\t\t<span class=\"elementor-divider-separator\">\n\t\t\t\t\t\t<\/span>\n\t\t<\/div>\n\t\t\t\t\t\t<\/div>\n\t\t\t\t<div class=\"elementor-element elementor-element-08fca38 elementor-widget elementor-widget-text-editor\" data-id=\"08fca38\" data-element_type=\"widget\" data-e-type=\"widget\" data-widget_type=\"text-editor.default\">\n\t\t\t\t\t\t\t\t\t<p>Entiende donde se encuentra tu negocio en todo momento<\/p>\t\t\t\t\t\t\t\t<\/div>\n\t\t\t\t<\/div>\n\t\t<div class=\"elementor-element elementor-element-4c85963 e-con-full e-flex e-con e-child\" data-id=\"4c85963\" data-element_type=\"container\" data-e-type=\"container\" data-settings=\"{&quot;background_background&quot;:&quot;classic&quot;}\">\n\t\t\t\t<\/div>\n\t\t\t\t\t<\/div>\n\t\t\t\t<\/div>\n\t\t<div class=\"elementor-element elementor-element-0db1644 e-flex e-con-boxed e-con e-parent\" data-id=\"0db1644\" data-element_type=\"container\" data-e-type=\"container\" data-settings=\"{&quot;background_background&quot;:&quot;classic&quot;}\">\n\t\t\t\t\t<div class=\"e-con-inner\">\n\t\t<div class=\"elementor-element elementor-element-8845a8b e-con-full e-flex e-con e-child\" data-id=\"8845a8b\" data-element_type=\"container\" data-e-type=\"container\">\n\t\t\t\t<div class=\"elementor-element elementor-element-f810d82 elementor-widget elementor-widget-heading\" data-id=\"f810d82\" data-element_type=\"widget\" data-e-type=\"widget\" data-widget_type=\"heading.default\">\n\t\t\t\t\t<h2 class=\"elementor-heading-title elementor-size-default\">holded<\/h2>\t\t\t\t<\/div>\n\t\t\t\t<div class=\"elementor-element elementor-element-fdc73d0 elementor-widget elementor-widget-heading\" data-id=\"fdc73d0\" data-element_type=\"widget\" data-e-type=\"widget\" data-widget_type=\"heading.default\">\n\t\t\t\t\t<h2 class=\"elementor-heading-title elementor-size-default\">Adapta la herramienta a tu negocio<\/h2>\t\t\t\t<\/div>\n\t\t\t\t<div class=\"elementor-element elementor-element-7628e03 elementor-widget elementor-widget-text-editor\" data-id=\"7628e03\" data-element_type=\"widget\" data-e-type=\"widget\" data-widget_type=\"text-editor.default\">\n\t\t\t\t\t\t\t\t\t<p>Holded es la herramienta en la nube que tiene todo lo que necesitas para gestionar tu empresa donde quieras y cuando quieras.\u00a0<\/p>\t\t\t\t\t\t\t\t<\/div>\n\t\t\t\t<\/div>\n\t\t<div class=\"elementor-element elementor-element-793b220 e-con-full e-flex e-con e-child\" data-id=\"793b220\" data-element_type=\"container\" data-e-type=\"container\">\n\t\t\t\t<div class=\"elementor-element elementor-element-00de15d elementor-widget elementor-widget-text-editor\" data-id=\"00de15d\" data-element_type=\"widget\" data-e-type=\"widget\" data-widget_type=\"text-editor.default\">\n\t\t\t\t\t\t\t\t\t<p>Podr\u00e1s realizar todos los informes que necesites para valorar en cada momento la gesti\u00f3n y las posibilidades de tu negocio. Adem\u00e1s, tienes la opci\u00f3n de analizar cualquier aspecto de tu empresa de forma espec\u00edfica creando tags personalizados que, a modo de etiquetas, te facilitan la b\u00fasqueda de toda la informaci\u00f3n almacenada.<\/p>\t\t\t\t\t\t\t\t<\/div>\n\t\t\t\t<\/div>\n\t\t<div class=\"elementor-element elementor-element-18e71e1 e-con-full e-flex e-con e-child\" data-id=\"18e71e1\" data-element_type=\"container\" data-e-type=\"container\">\n\t\t\t\t<div class=\"elementor-element elementor-element-533cfa6 elementor-widget elementor-widget-text-editor\" data-id=\"533cfa6\" data-element_type=\"widget\" data-e-type=\"widget\" data-widget_type=\"text-editor.default\">\n\t\t\t\t\t\t\t\t\t<p><span class=\"elementor-icon-list-icon\">A partir de ahora podr\u00e1s concentrarte solo en lo que m\u00e1s importa.<\/span><\/p><ul class=\"elementor-icon-list-items\"><li class=\"elementor-icon-list-item\"><span class=\"elementor-icon-list-icon\">\u00a0<\/span><span class=\"elementor-icon-list-text\">Conversi\u00f3n al d\u00eda de divisas<\/span><\/li><li class=\"elementor-icon-list-item\"><span class=\"elementor-icon-list-icon\"><i class=\"fas fa-check\" aria-hidden=\"true\"><\/i>\u00a0<\/span><span class=\"elementor-icon-list-text\">Gesti\u00f3n de n\u00f3minas<\/span><\/li><li class=\"elementor-icon-list-item\"><span class=\"elementor-icon-list-icon\"><i class=\"fas fa-check\" aria-hidden=\"true\"><\/i>\u00a0<\/span><span class=\"elementor-icon-list-text\">Env\u00edo de presupuestos<\/span><\/li><li class=\"elementor-icon-list-item\"><span class=\"elementor-icon-list-icon\"><i class=\"fas fa-check\" aria-hidden=\"true\"><\/i>\u00a0<\/span><span class=\"elementor-icon-list-text\">API<\/span><\/li><li class=\"elementor-icon-list-item\"><span class=\"elementor-icon-list-icon\"><i class=\"fas fa-check\" aria-hidden=\"true\"><\/i>\u00a0<\/span><span class=\"elementor-icon-list-text\">Barra personalizable<\/span><\/li><li class=\"elementor-icon-list-item\"><span class=\"elementor-icon-list-icon\"><i class=\"fas fa-check\" aria-hidden=\"true\"><\/i>\u00a0<\/span><span class=\"elementor-icon-list-text\">Gesti\u00f3n de proformas<\/span><\/li><li class=\"elementor-icon-list-item\"><span class=\"elementor-icon-list-icon\"><i class=\"fas fa-check\" aria-hidden=\"true\"><\/i>\u00a0<\/span><span class=\"elementor-icon-list-text\">Soporte de m\u00faltiples divisas<\/span><\/li><li class=\"elementor-icon-list-item\"><span class=\"elementor-icon-list-icon\"><i class=\"fas fa-check\" aria-hidden=\"true\"><\/i>\u00a0<\/span><span class=\"elementor-icon-list-text\">Gesti\u00f3n de postventa<\/span><\/li><li class=\"elementor-icon-list-item\"><span class=\"elementor-icon-list-icon\"><i class=\"fas fa-check\" aria-hidden=\"true\"><\/i>\u00a0<\/span><span class=\"elementor-icon-list-text\">Campos personalizados en contactos<\/span><\/li><li class=\"elementor-icon-list-item\">\u00a0<\/li><\/ul>\t\t\t\t\t\t\t\t<\/div>\n\t\t\t\t<\/div>\n\t\t<div class=\"elementor-element elementor-element-45148a2 e-con-full e-flex e-con e-child\" data-id=\"45148a2\" data-element_type=\"container\" data-e-type=\"container\">\n\t\t\t\t<div class=\"elementor-element elementor-element-a9919df elementor-widget elementor-widget-text-editor\" data-id=\"a9919df\" data-element_type=\"widget\" data-e-type=\"widget\" data-widget_type=\"text-editor.default\">\n\t\t\t\t\t\t\t\t\t<ul class=\"elementor-icon-list-items\"><li class=\"elementor-icon-list-item\"><span class=\"elementor-icon-list-icon\"><i class=\"fas fa-check\" aria-hidden=\"true\"><\/i>\u00a0<\/span><span class=\"elementor-icon-list-icon\">\u00a0<\/span><span class=\"elementor-icon-list-text\">Lector de facturas OCR<\/span><\/li><li class=\"elementor-icon-list-item\"><span class=\"elementor-icon-list-icon\"><i class=\"fas fa-check\" aria-hidden=\"true\"><\/i>\u00a0<\/span><span class=\"elementor-icon-list-text\">Informes de rendimiento por empleado<\/span><\/li><li class=\"elementor-icon-list-item\"><span class=\"elementor-icon-list-icon\"><i class=\"fas fa-check\" aria-hidden=\"true\"><\/i>\u00a0<\/span><span class=\"elementor-icon-list-text\">Administraci\u00f3n de servicios<\/span><\/li><li class=\"elementor-icon-list-item\"><span class=\"elementor-icon-list-icon\"><i class=\"fas fa-check\" aria-hidden=\"true\"><\/i>\u00a0<\/span><span class=\"elementor-icon-list-text\">Factura electr\u00f3nica<\/span><\/li><li class=\"elementor-icon-list-item\"><span class=\"elementor-icon-list-icon\"><i class=\"fas fa-check\" aria-hidden=\"true\"><\/i>\u00a0<\/span><span class=\"elementor-icon-list-text\">Notificaciones en tiempo real<\/span><\/li><li class=\"elementor-icon-list-item\"><span class=\"elementor-icon-list-icon\"><i class=\"fas fa-check\" aria-hidden=\"true\"><\/i>\u00a0<\/span><span class=\"elementor-icon-list-text\">Exportaci\u00f3n de datos a Wolters Kluwer A3<\/span><\/li><li class=\"elementor-icon-list-item\"><span class=\"elementor-icon-list-icon\"><i class=\"fas fa-check\" aria-hidden=\"true\"><\/i>\u00a0<\/span><span class=\"elementor-icon-list-text\">Env\u00edos de email con Sendgrid, Mailjet y Mailgun<\/span><\/li><li class=\"elementor-icon-list-item\"><span class=\"elementor-icon-list-icon\"><i class=\"fas fa-check\" aria-hidden=\"true\"><\/i>\u00a0<\/span><span class=\"elementor-icon-list-text\">Gesti\u00f3n de gastos<\/span><\/li><li class=\"elementor-icon-list-item\"><span class=\"elementor-icon-list-icon\"><i class=\"fas fa-check\" aria-hidden=\"true\"><\/i>\u00a0<\/span><span class=\"elementor-icon-list-text\">Compatibilidad con Google Drive y dropbox<\/span><\/li><li class=\"elementor-icon-list-item\"><span class=\"elementor-icon-list-icon\"><i class=\"fas fa-check\" aria-hidden=\"true\"><\/i>\u00a0<\/span><span class=\"elementor-icon-list-text\">Organigrama autom\u00e1tico<\/span><\/li><li class=\"elementor-icon-list-item\"><span class=\"elementor-icon-list-icon\"><i class=\"fas fa-check\" aria-hidden=\"true\"><\/i>\u00a0<\/span><span class=\"elementor-icon-list-text\">Integraci\u00f3n con Stripe<\/span><\/li><\/ul>\t\t\t\t\t\t\t\t<\/div>\n\t\t\t\t<\/div>\n\t\t\t\t\t<\/div>\n\t\t\t\t<\/div>\n\t\t<div class=\"elementor-element elementor-element-c11af68 e-flex e-con-boxed e-con e-parent\" data-id=\"c11af68\" data-element_type=\"container\" data-e-type=\"container\">\n\t\t\t\t\t<div class=\"e-con-inner\">\n\t\t<div class=\"elementor-element elementor-element-5dc2a27 e-con-full e-flex e-con e-child\" data-id=\"5dc2a27\" data-element_type=\"container\" data-e-type=\"container\">\n\t\t\t\t<div class=\"elementor-element elementor-element-4519433 elementor-widget elementor-widget-heading\" data-id=\"4519433\" data-element_type=\"widget\" data-e-type=\"widget\" data-widget_type=\"heading.default\">\n\t\t\t\t\t<h2 class=\"elementor-heading-title elementor-size-default\">a3innuva<\/h2>\t\t\t\t<\/div>\n\t\t\t\t<div class=\"elementor-element elementor-element-225f187 elementor-widget elementor-widget-heading\" data-id=\"225f187\" data-element_type=\"widget\" data-e-type=\"widget\" data-widget_type=\"heading.default\">\n\t\t\t\t\t<h2 class=\"elementor-heading-title elementor-size-default\">Software de contabilidad online<\/h2>\t\t\t\t<\/div>\n\t\t\t\t<div class=\"elementor-element elementor-element-58c31cf elementor-widget-divider--view-line elementor-widget elementor-widget-divider\" data-id=\"58c31cf\" data-element_type=\"widget\" data-e-type=\"widget\" data-widget_type=\"divider.default\">\n\t\t\t\t\t\t\t<div class=\"elementor-divider\">\n\t\t\t<span class=\"elementor-divider-separator\">\n\t\t\t\t\t\t<\/span>\n\t\t<\/div>\n\t\t\t\t\t\t<\/div>\n\t\t\t\t<div class=\"elementor-element elementor-element-9ea36c9 elementor-widget elementor-widget-text-editor\" data-id=\"9ea36c9\" data-element_type=\"widget\" data-e-type=\"widget\" data-widget_type=\"text-editor.default\">\n\t\t\t\t\t\t\t\t\t<p>Simplifica tu vida con a3innuva | Contabilidad, la \u00fanica soluci\u00f3n de contabilidad online con ADN asesor que, adem\u00e1s, ofrece un entorno colaborativo para trabajar con sus clientes. Funcionalidades y ventajas:<\/p>\t\t\t\t\t\t\t\t<\/div>\n\t\t<div class=\"elementor-element elementor-element-cdd5351 e-con-full e-flex e-con e-child\" data-id=\"cdd5351\" data-element_type=\"container\" data-e-type=\"container\">\n\t\t\t\t<div class=\"elementor-element elementor-element-277a0c1 elementor-widget elementor-widget-text-editor\" data-id=\"277a0c1\" data-element_type=\"widget\" data-e-type=\"widget\" data-widget_type=\"text-editor.default\">\n\t\t\t\t\t\t\t\t\t<ul class=\"elementor-icon-list-items\"><li class=\"elementor-icon-list-item\"><span class=\"elementor-icon-list-icon\"><i class=\"fas fa-check\" aria-hidden=\"true\"><\/i>\u00a0<\/span><span class=\"elementor-icon-list-text\">Contabilidad<\/span><\/li><li class=\"elementor-icon-list-item\"><span class=\"elementor-icon-list-icon\"><i class=\"fas fa-check\" aria-hidden=\"true\"><\/i>\u00a0<\/span><span class=\"elementor-icon-list-text\">Inmovilizado<\/span><\/li><li class=\"elementor-icon-list-item\"><span class=\"elementor-icon-list-icon\"><i class=\"fas fa-check\" aria-hidden=\"true\"><\/i>\u00a0<\/span><span class=\"elementor-icon-list-text\">Informes<\/span><\/li><\/ul>\t\t\t\t\t\t\t\t<\/div>\n\t\t\t\t<div class=\"elementor-element elementor-element-8f7fc40 elementor-widget elementor-widget-text-editor\" data-id=\"8f7fc40\" data-element_type=\"widget\" data-e-type=\"widget\" data-widget_type=\"text-editor.default\">\n\t\t\t\t\t\t\t\t\t<ul class=\"elementor-icon-list-items\"><li class=\"elementor-icon-list-item\"><span class=\"elementor-icon-list-icon\"><i class=\"fas fa-check\" aria-hidden=\"true\"><\/i>\u00a0<\/span><span class=\"elementor-icon-list-text\">Cartera<\/span><\/li><li class=\"elementor-icon-list-item\"><span class=\"elementor-icon-list-icon\"><i class=\"fas fa-check\" aria-hidden=\"true\"><\/i>\u00a0<\/span><span class=\"elementor-icon-list-text\">Fiscalidad<\/span><\/li><li class=\"elementor-icon-list-item\"><span class=\"elementor-icon-list-icon\"><i class=\"fas fa-check\" aria-hidden=\"true\"><\/i>\u00a0<\/span><span class=\"elementor-icon-list-text\">Otras ventajas<\/span><\/li><\/ul>\t\t\t\t\t\t\t\t<\/div>\n\t\t\t\t<\/div>\n\t\t\t\t<\/div>\n\t\t<div class=\"elementor-element elementor-element-21ec99b e-con-full e-flex e-con e-child\" data-id=\"21ec99b\" data-element_type=\"container\" data-e-type=\"container\" data-settings=\"{&quot;background_background&quot;:&quot;classic&quot;}\">\n\t\t\t\t<\/div>\n\t\t\t\t\t<\/div>\n\t\t\t\t<\/div>\n\t\t<div class=\"elementor-element elementor-element-694c2dd e-flex e-con-boxed e-con e-parent\" data-id=\"694c2dd\" data-element_type=\"container\" data-e-type=\"container\" data-settings=\"{&quot;background_background&quot;:&quot;classic&quot;}\">\n\t\t\t\t\t<div class=\"e-con-inner\">\n\t\t<div class=\"elementor-element elementor-element-a87642c e-con-full e-flex e-con e-child\" data-id=\"a87642c\" data-element_type=\"container\" data-e-type=\"container\">\n\t\t\t\t<div class=\"elementor-element elementor-element-a4f7355 elementor-widget elementor-widget-heading\" data-id=\"a4f7355\" data-element_type=\"widget\" data-e-type=\"widget\" data-widget_type=\"heading.default\">\n\t\t\t\t\t<h2 class=\"elementor-heading-title elementor-size-default\">\u00bfQuieres saber m\u00e1s?\n<\/h2>\t\t\t\t<\/div>\n\t\t\t\t<div class=\"elementor-element elementor-element-fe78ca6 elementor-widget elementor-widget-heading\" data-id=\"fe78ca6\" data-element_type=\"widget\" data-e-type=\"widget\" data-widget_type=\"heading.default\">\n\t\t\t\t\t<h2 class=\"elementor-heading-title elementor-size-default\">Escr\u00edbenos\n<\/h2>\t\t\t\t<\/div>\n\t\t\t\t<div class=\"elementor-element elementor-element-50805c1 elementor-widget-divider--view-line elementor-widget elementor-widget-divider\" data-id=\"50805c1\" data-element_type=\"widget\" data-e-type=\"widget\" data-widget_type=\"divider.default\">\n\t\t\t\t\t\t\t<div class=\"elementor-divider\">\n\t\t\t<span class=\"elementor-divider-separator\">\n\t\t\t\t\t\t<\/span>\n\t\t<\/div>\n\t\t\t\t\t\t<\/div>\n\t\t\t\t<div class=\"elementor-element elementor-element-8da0f04 elementor-widget elementor-widget-text-editor\" data-id=\"8da0f04\" data-element_type=\"widget\" data-e-type=\"widget\" data-widget_type=\"text-editor.default\">\n\t\t\t\t\t\t\t\t\t<p>Contacta con nosotros para resolver cualquier duda o consulta sobre nuestros servicios profesionales. Estaremos encantados de atenderte y con gusto coordinaremos una entrevista personal o telef\u00f3nica.<\/p><ul><li class=\"elementor-icon-list-item\"><a href=\"https:\/\/web.archive.org\/web\/20250324072551\/https:\/\/goo.gl\/maps\/AE7KEfahC9S6fEXdA\"><span class=\"elementor-icon-list-icon\"><i class=\"fas fa-map-marker-alt\" aria-hidden=\"true\"><\/i>\u00a0<\/span><span class=\"elementor-icon-list-text\">Calle Luis Montoto 107-113, 41007 Sevilla<\/span><\/a><\/li><li class=\"elementor-icon-list-item\"><a href=\"https:\/\/web.archive.org\/web\/20250324072551\/tel:954706300\"><span class=\"elementor-icon-list-icon\"><i class=\"fas fa-phone-alt\" aria-hidden=\"true\"><\/i>\u00a0<\/span><span class=\"elementor-icon-list-text\">954706300<\/span><\/a><\/li><li class=\"elementor-icon-list-item\"><a href=\"https:\/\/web.archive.org\/web\/20250324072551\/mailto:info@sevigest.com\"><span class=\"elementor-icon-list-icon\"><i class=\"fas fa-envelope\" aria-hidden=\"true\"><\/i>\u00a0<\/span><span class=\"elementor-icon-list-text\">info@sevigest.com<\/span><\/a><\/li><\/ul>\t\t\t\t\t\t\t\t<\/div>\n\t\t\t\t<\/div>\n\t\t<div class=\"elementor-element elementor-element-c6112ec e-con-full e-flex e-con e-child\" data-id=\"c6112ec\" data-element_type=\"container\" data-e-type=\"container\" data-settings=\"{&quot;background_background&quot;:&quot;classic&quot;}\">\n\t\t\t\t<\/div>\n\t\t\t\t\t<\/div>\n\t\t\t\t<\/div>\n\t\t\t\t<\/div>\n\t\t","protected":false},"excerpt":{"rendered":"<p>te ayudamos Transformaci\u00f3n digital Reemplaza los procesos manuales con un software intuitivo \u00daltima tecnolog\u00eda El software inteligente de gesti\u00f3n para pymes Somos partners de Holded, la herramienta en la nube que tiene todo lo necesario para gestionar tu empresa\u2026 donde quieras y cuando quieras. Tu tiempo es importante Lo que nuestro software puede hacer por [&hellip;]<\/p>\n","protected":false},"author":1,"featured_media":0,"parent":0,"menu_order":0,"comment_status":"closed","ping_status":"closed","template":"elementor_header_footer","meta":{"footnotes":""},"class_list":["post-101","page","type-page","status-publish","hentry"],"_links":{"self":[{"href":"https:\/\/sevigest.com\/index.php?rest_route=\/wp\/v2\/pages\/101","targetHints":{"allow":["GET"]}}],"collection":[{"href":"https:\/\/sevigest.com\/index.php?rest_route=\/wp\/v2\/pages"}],"about":[{"href":"https:\/\/sevigest.com\/index.php?rest_route=\/wp\/v2\/types\/page"}],"author":[{"embeddable":true,"href":"https:\/\/sevigest.com\/index.php?rest_route=\/wp\/v2\/users\/1"}],"replies":[{"embeddable":true,"href":"https:\/\/sevigest.com\/index.php?rest_route=%2Fwp%2Fv2%2Fcomments&post=101"}],"version-history":[{"count":22,"href":"https:\/\/sevigest.com\/index.php?rest_route=\/wp\/v2\/pages\/101\/revisions"}],"predecessor-version":[{"id":310,"href":"https:\/\/sevigest.com\/index.php?rest_route=\/wp\/v2\/pages\/101\/revisions\/310"}],"wp:attachment":[{"href":"https:\/\/sevigest.com\/index.php?rest_route=%2Fwp%2Fv2%2Fmedia&parent=101"}],"curies":[{"name":"wp","href":"https:\/\/api.w.org\/{rel}","templated":true}]}}